{"id":7,"date":"2019-12-05T11:41:35","date_gmt":"2019-12-05T11:41:35","guid":{"rendered":"https:\/\/nopub.ch\/?page_id=7"},"modified":"2022-11-11T22:22:00","modified_gmt":"2022-11-11T22:22:00","slug":"elementor-7","status":"publish","type":"page","link":"https:\/\/nopub.ch\/","title":{"rendered":"Dites STOP aux publicit\u00e9s dans votre bo\u00eete&#8230;"},"content":{"rendered":"\t\t<div data-elementor-type=\"wp-post\" data-elementor-id=\"7\" class=\"elementor elementor-7\">\n\t\t\t\t\t\t<section class=\"elementor-section elementor-top-section elementor-element elementor-element-0599b15 elementor-section-boxed elementor-section-height-default elementor-section-height-default\" data-id=\"0599b15\" data-element_type=\"section\" data-e-type=\"section\">\n\t\t\t\t\t\t<div class=\"elementor-container elementor-column-gap-default\">\n\t\t\t\t\t<div class=\"elementor-column elementor-col-100 elementor-top-column elementor-element elementor-element-aea74cf\" data-id=\"aea74cf\" data-element_type=\"column\" data-e-type=\"column\">\n\t\t\t<div class=\"elementor-widget-wrap elementor-element-populated\">\n\t\t\t\t\t\t<div class=\"elementor-element elementor-element-ddda668 elementor-widget elementor-widget-heading\" data-id=\"ddda668\" data-element_type=\"widget\" data-e-type=\"widget\" data-settings=\"{&quot;_animation&quot;:&quot;none&quot;}\" data-widget_type=\"heading.default\">\n\t\t\t\t<div class=\"elementor-widget-container\">\n\t\t\t\t\t<h2 class=\"elementor-heading-title elementor-size-default\">410 millions de tonne de papier consomm\u00e9es chaque ann\u00e9e ??<\/h2>\t\t\t\t<\/div>\n\t\t\t\t<\/div>\n\t\t\t\t<div class=\"elementor-element elementor-element-9eb8bfa elementor-widget elementor-widget-heading\" data-id=\"9eb8bfa\" data-element_type=\"widget\" data-e-type=\"widget\" data-widget_type=\"heading.default\">\n\t\t\t\t<div class=\"elementor-widget-container\">\n\t\t\t\t\t<h3 class=\"elementor-heading-title elementor-size-default\">Ca suffit ! Agissez \u00e0 votre niveau, avec un geste simple...<\/h3>\t\t\t\t<\/div>\n\t\t\t\t<\/div>\n\t\t\t\t\t<\/div>\n\t\t<\/div>\n\t\t\t\t\t<\/div>\n\t\t<\/section>\n\t\t\t\t<section class=\"elementor-section elementor-top-section elementor-element elementor-element-65d29ed elementor-section-boxed elementor-section-height-default elementor-section-height-default\" data-id=\"65d29ed\" data-element_type=\"section\" data-e-type=\"section\">\n\t\t\t\t\t\t<div class=\"elementor-container elementor-column-gap-default\">\n\t\t\t\t\t<div class=\"elementor-column elementor-col-50 elementor-top-column elementor-element elementor-element-5092bdb\" data-id=\"5092bdb\" data-element_type=\"column\" data-e-type=\"column\">\n\t\t\t<div class=\"elementor-widget-wrap elementor-element-populated\">\n\t\t\t\t\t\t<div class=\"elementor-element elementor-element-b7f9143 elementor-widget elementor-widget-image\" data-id=\"b7f9143\" data-element_type=\"widget\" data-e-type=\"widget\" data-widget_type=\"image.default\">\n\t\t\t\t<div class=\"elementor-widget-container\">\n\t\t\t\t\t\t\t\t\t\t\t\t\t\t\t\t<a href=\"https:\/\/www.swissecoshop.ch\/fr\/swissecoshop\/5307-autocollants-pas-de-pub-stop-pub-en-francais-1pce-swissecoshopch.html\">\n\t\t\t\t\t\t\t<img fetchpriority=\"high\" decoding=\"async\" width=\"500\" height=\"224\" src=\"https:\/\/nopub.ch\/wp-content\/uploads\/2019\/12\/nopub-2019-sticker-free.jpg\" class=\"attachment-large size-large wp-image-17\" alt=\"\" srcset=\"https:\/\/nopub.ch\/wp-content\/uploads\/2019\/12\/nopub-2019-sticker-free.jpg 500w, https:\/\/nopub.ch\/wp-content\/uploads\/2019\/12\/nopub-2019-sticker-free-300x134.jpg 300w\" sizes=\"(max-width: 500px) 100vw, 500px\" \/>\t\t\t\t\t\t\t\t<\/a>\n\t\t\t\t\t\t\t\t\t\t\t\t\t\t\t<\/div>\n\t\t\t\t<\/div>\n\t\t\t\t\t<\/div>\n\t\t<\/div>\n\t\t\t\t<div class=\"elementor-column elementor-col-50 elementor-top-column elementor-element elementor-element-7ca78f4\" data-id=\"7ca78f4\" data-element_type=\"column\" data-e-type=\"column\">\n\t\t\t<div class=\"elementor-widget-wrap elementor-element-populated\">\n\t\t\t\t\t\t<div class=\"elementor-element elementor-element-7f421c6 elementor-widget elementor-widget-heading\" data-id=\"7f421c6\" data-element_type=\"widget\" data-e-type=\"widget\" data-widget_type=\"heading.default\">\n\t\t\t\t<div class=\"elementor-widget-container\">\n\t\t\t\t\t<h4 class=\"elementor-heading-title elementor-size-default\">Commandez gratuitement et apposez l'autocollant STOP PUBLICITE sur votre bo\u00eete \u00e0 lettres<\/h4>\t\t\t\t<\/div>\n\t\t\t\t<\/div>\n\t\t\t\t<div class=\"elementor-element elementor-element-a4f540b elementor-widget elementor-widget-text-editor\" data-id=\"a4f540b\" data-element_type=\"widget\" data-e-type=\"widget\" data-widget_type=\"text-editor.default\">\n\t\t\t\t<div class=\"elementor-widget-container\">\n\t\t\t\t\t\t\t\t\t<ul><li>Gratuit*<\/li><li>\u00c9missions CO2 compens\u00e9es.<\/li><li>R\u00e9siste aussi en ext\u00e9rieur.<\/li><li>Disponible en fran\u00e7ais, allemand et italien<\/li><\/ul>\t\t\t\t\t\t\t\t<\/div>\n\t\t\t\t<\/div>\n\t\t\t\t\t<\/div>\n\t\t<\/div>\n\t\t\t\t\t<\/div>\n\t\t<\/section>\n\t\t\t\t<section class=\"elementor-section elementor-top-section elementor-element elementor-element-0c0ea25 elementor-section-boxed elementor-section-height-default elementor-section-height-default\" data-id=\"0c0ea25\" data-element_type=\"section\" data-e-type=\"section\">\n\t\t\t\t\t\t<div class=\"elementor-container elementor-column-gap-default\">\n\t\t\t\t\t<div class=\"elementor-column elementor-col-33 elementor-top-column elementor-element elementor-element-6c27f8f\" data-id=\"6c27f8f\" data-element_type=\"column\" data-e-type=\"column\">\n\t\t\t<div class=\"elementor-widget-wrap elementor-element-populated\">\n\t\t\t\t\t\t<div class=\"elementor-element elementor-element-380bd7b elementor-widget elementor-widget-heading\" data-id=\"380bd7b\" data-element_type=\"widget\" data-e-type=\"widget\" data-widget_type=\"heading.default\">\n\t\t\t\t<div class=\"elementor-widget-container\">\n\t\t\t\t\t<h4 class=\"elementor-heading-title elementor-size-default\">* Obtenez le gratuitement<\/h4>\t\t\t\t<\/div>\n\t\t\t\t<\/div>\n\t\t\t\t<div class=\"elementor-element elementor-element-3d8a7ec elementor-widget elementor-widget-text-editor\" data-id=\"3d8a7ec\" data-element_type=\"widget\" data-e-type=\"widget\" data-widget_type=\"text-editor.default\">\n\t\t\t\t<div class=\"elementor-widget-container\">\n\t\t\t\t\t\t\t\t\t<p>Lors de votre commandes de produits BIO et Naturel <strong>sur la boutique <a href=\"https:\/\/www.swissecoshop.ch\/fr\/swissecoshop\/5307-autocollants-pas-de-pub-stop-pub-en-francais-1pce-swissecoshopch.html\" target=\"_blank\" rel=\"noopener\">SwissEcoShop.ch<\/a><\/strong><\/p>\t\t\t\t\t\t\t\t<\/div>\n\t\t\t\t<\/div>\n\t\t\t\t<div class=\"elementor-element elementor-element-2f95fac elementor-align-justify elementor-widget elementor-widget-button\" data-id=\"2f95fac\" data-element_type=\"widget\" data-e-type=\"widget\" data-widget_type=\"button.default\">\n\t\t\t\t<div class=\"elementor-widget-container\">\n\t\t\t\t\t\t\t\t\t<div class=\"elementor-button-wrapper\">\n\t\t\t\t\t<a class=\"elementor-button elementor-button-link elementor-size-md\" href=\"https:\/\/www.swissecoshop.ch\/fr\/maison-bio\/5307-autocollants-pas-de-pub-stop-pub-en-francais-1pce-swissecoshopch.html\">\n\t\t\t\t\t\t<span class=\"elementor-button-content-wrapper\">\n\t\t\t\t\t\t\t\t\t<span class=\"elementor-button-text\">C'est parti ...<\/span>\n\t\t\t\t\t<\/span>\n\t\t\t\t\t<\/a>\n\t\t\t\t<\/div>\n\t\t\t\t\t\t\t\t<\/div>\n\t\t\t\t<\/div>\n\t\t\t\t\t<\/div>\n\t\t<\/div>\n\t\t\t\t<div class=\"elementor-column elementor-col-33 elementor-top-column elementor-element elementor-element-65d97e0\" data-id=\"65d97e0\" data-element_type=\"column\" data-e-type=\"column\">\n\t\t\t<div class=\"elementor-widget-wrap elementor-element-populated\">\n\t\t\t\t\t\t<div class=\"elementor-element elementor-element-ed0b3ee elementor-widget elementor-widget-image\" data-id=\"ed0b3ee\" data-element_type=\"widget\" data-e-type=\"widget\" data-widget_type=\"image.default\">\n\t\t\t\t<div class=\"elementor-widget-container\">\n\t\t\t\t\t\t\t\t\t\t\t\t\t\t\t<img decoding=\"async\" width=\"580\" height=\"135\" src=\"https:\/\/nopub.ch\/wp-content\/uploads\/2019\/12\/SwissEcoShop_fonce-1024x239.png\" class=\"attachment-large size-large wp-image-29\" alt=\"\" srcset=\"https:\/\/nopub.ch\/wp-content\/uploads\/2019\/12\/SwissEcoShop_fonce-1024x239.png 1024w, https:\/\/nopub.ch\/wp-content\/uploads\/2019\/12\/SwissEcoShop_fonce-300x70.png 300w, https:\/\/nopub.ch\/wp-content\/uploads\/2019\/12\/SwissEcoShop_fonce-768x180.png 768w, https:\/\/nopub.ch\/wp-content\/uploads\/2019\/12\/SwissEcoShop_fonce-1536x359.png 1536w, https:\/\/nopub.ch\/wp-content\/uploads\/2019\/12\/SwissEcoShop_fonce-2048x479.png 2048w, https:\/\/nopub.ch\/wp-content\/uploads\/2019\/12\/SwissEcoShop_fonce-1200x281.png 1200w, https:\/\/nopub.ch\/wp-content\/uploads\/2019\/12\/SwissEcoShop_fonce-1980x463.png 1980w\" sizes=\"(max-width: 580px) 100vw, 580px\" \/>\t\t\t\t\t\t\t\t\t\t\t\t\t\t\t<\/div>\n\t\t\t\t<\/div>\n\t\t\t\t\t<\/div>\n\t\t<\/div>\n\t\t\t\t<div class=\"elementor-column elementor-col-33 elementor-top-column elementor-element elementor-element-713c30b\" data-id=\"713c30b\" data-element_type=\"column\" data-e-type=\"column\">\n\t\t\t<div class=\"elementor-widget-wrap elementor-element-populated\">\n\t\t\t\t\t\t<div class=\"elementor-element elementor-element-0353163 elementor-widget elementor-widget-heading\" data-id=\"0353163\" data-element_type=\"widget\" data-e-type=\"widget\" data-widget_type=\"heading.default\">\n\t\t\t\t<div class=\"elementor-widget-container\">\n\t\t\t\t\t<h4 class=\"elementor-heading-title elementor-size-default\">Ou en direct pour 3.- CHF<\/h4>\t\t\t\t<\/div>\n\t\t\t\t<\/div>\n\t\t\t\t<div class=\"elementor-element elementor-element-2453069 elementor-widget elementor-widget-text-editor\" data-id=\"2453069\" data-element_type=\"widget\" data-e-type=\"widget\" data-widget_type=\"text-editor.default\">\n\t\t\t\t<div class=\"elementor-widget-container\">\n\t\t\t\t\t\t\t\t\t<p>Remplissez le formulaire et payez en ligne, simple et rapide !<\/p>\t\t\t\t\t\t\t\t<\/div>\n\t\t\t\t<\/div>\n\t\t\t\t<div class=\"elementor-element elementor-element-32cf3fe elementor-align-justify elementor-widget elementor-widget-button\" data-id=\"32cf3fe\" data-element_type=\"widget\" data-e-type=\"widget\" data-widget_type=\"button.default\">\n\t\t\t\t<div class=\"elementor-widget-container\">\n\t\t\t\t\t\t\t\t\t<div class=\"elementor-button-wrapper\">\n\t\t\t\t\t<a class=\"elementor-button elementor-button-link elementor-size-md\" href=\"https:\/\/naturazone.payrexx.com\/pay?tid=c408aaf7\">\n\t\t\t\t\t\t<span class=\"elementor-button-content-wrapper\">\n\t\t\t\t\t\t<span class=\"elementor-button-icon\">\n\t\t\t\t<i aria-hidden=\"true\" class=\"fas fa-shopping-basket\"><\/i>\t\t\t<\/span>\n\t\t\t\t\t\t\t\t\t<span class=\"elementor-button-text\">Commander et payez en ligne<\/span>\n\t\t\t\t\t<\/span>\n\t\t\t\t\t<\/a>\n\t\t\t\t<\/div>\n\t\t\t\t\t\t\t\t<\/div>\n\t\t\t\t<\/div>\n\t\t\t\t\t<\/div>\n\t\t<\/div>\n\t\t\t\t\t<\/div>\n\t\t<\/section>\n\t\t\t\t<section class=\"elementor-section elementor-top-section elementor-element elementor-element-210a804 elementor-section-boxed elementor-section-height-default elementor-section-height-default\" data-id=\"210a804\" data-element_type=\"section\" data-e-type=\"section\">\n\t\t\t\t\t\t<div class=\"elementor-container elementor-column-gap-default\">\n\t\t\t\t\t<div class=\"elementor-column elementor-col-100 elementor-top-column elementor-element elementor-element-6791ca3\" data-id=\"6791ca3\" data-element_type=\"column\" data-e-type=\"column\">\n\t\t\t<div class=\"elementor-widget-wrap\">\n\t\t\t\t\t\t\t<\/div>\n\t\t<\/div>\n\t\t\t\t\t<\/div>\n\t\t<\/section>\n\t\t\t\t<\/div>\n\t\t","protected":false},"excerpt":{"rendered":"<p>410 millions de tonne de papier consomm\u00e9es chaque ann\u00e9e ?? Ca suffit ! Agissez \u00e0 votre niveau, avec un geste simple&#8230; Commandez gratuitement et apposez l&rsquo;autocollant STOP PUBLICITE sur votre bo\u00eete \u00e0 lettres Gratuit* \u00c9missions CO2 compens\u00e9es. R\u00e9siste aussi en ext\u00e9rieur. Disponible en fran\u00e7ais, allemand et italien * Obtenez le gratuitement Lors de votre commandes [&hellip;]<\/p>\n","protected":false},"author":1,"featured_media":0,"parent":0,"menu_order":0,"comment_status":"closed","ping_status":"closed","template":"elementor_header_footer","meta":{"footnotes":""},"class_list":["post-7","page","type-page","status-publish","hentry"],"yoast_head":"<!-- This site is optimized with the Yoast SEO plugin v27.5 - https:\/\/yoast.com\/product\/yoast-seo-wordpress\/ -->\n<title>Dites STOP aux publicit\u00e9s dans votre bo\u00eete... - Stop Publicit\u00e9<\/title>\n<meta name=\"robots\" content=\"index, follow, max-snippet:-1, max-image-preview:large, max-video-preview:-1\" \/>\n<link rel=\"canonical\" href=\"https:\/\/nopub.ch\/\" \/>\n<meta property=\"og:locale\" content=\"fr_FR\" \/>\n<meta property=\"og:type\" content=\"article\" \/>\n<meta property=\"og:title\" content=\"Dites STOP aux publicit\u00e9s dans votre bo\u00eete... - Stop Publicit\u00e9\" \/>\n<meta property=\"og:description\" content=\"410 millions de tonne de papier consomm\u00e9es chaque ann\u00e9e ?? Ca suffit ! Agissez \u00e0 votre niveau, avec un geste simple&#8230; Commandez gratuitement et apposez l&rsquo;autocollant STOP PUBLICITE sur votre bo\u00eete \u00e0 lettres Gratuit* \u00c9missions CO2 compens\u00e9es. R\u00e9siste aussi en ext\u00e9rieur. Disponible en fran\u00e7ais, allemand et italien * Obtenez le gratuitement Lors de votre commandes [&hellip;]\" \/>\n<meta property=\"og:url\" content=\"https:\/\/nopub.ch\/\" \/>\n<meta property=\"og:site_name\" content=\"Stop Publicit\u00e9\" \/>\n<meta property=\"article:modified_time\" content=\"2022-11-11T22:22:00+00:00\" \/>\n<meta property=\"og:image\" content=\"https:\/\/nopub.ch\/wp-content\/uploads\/2019\/12\/nopub-2019-sticker-free.jpg\" \/>\n<meta name=\"twitter:card\" content=\"summary_large_image\" \/>\n<meta name=\"twitter:label1\" content=\"Dur\u00e9e de lecture estim\u00e9e\" \/>\n\t<meta name=\"twitter:data1\" content=\"1 minute\" \/>\n<script type=\"application\/ld+json\" class=\"yoast-schema-graph\">{\"@context\":\"https:\\\/\\\/schema.org\",\"@graph\":[{\"@type\":\"WebPage\",\"@id\":\"https:\\\/\\\/nopub.ch\\\/\",\"url\":\"https:\\\/\\\/nopub.ch\\\/\",\"name\":\"Dites STOP aux publicit\u00e9s dans votre bo\u00eete... - Stop Publicit\u00e9\",\"isPartOf\":{\"@id\":\"https:\\\/\\\/nopub.ch\\\/#website\"},\"primaryImageOfPage\":{\"@id\":\"https:\\\/\\\/nopub.ch\\\/#primaryimage\"},\"image\":{\"@id\":\"https:\\\/\\\/nopub.ch\\\/#primaryimage\"},\"thumbnailUrl\":\"https:\\\/\\\/nopub.ch\\\/wp-content\\\/uploads\\\/2019\\\/12\\\/nopub-2019-sticker-free.jpg\",\"datePublished\":\"2019-12-05T11:41:35+00:00\",\"dateModified\":\"2022-11-11T22:22:00+00:00\",\"breadcrumb\":{\"@id\":\"https:\\\/\\\/nopub.ch\\\/#breadcrumb\"},\"inLanguage\":\"fr-FR\",\"potentialAction\":[{\"@type\":\"ReadAction\",\"target\":[\"https:\\\/\\\/nopub.ch\\\/\"]}]},{\"@type\":\"ImageObject\",\"inLanguage\":\"fr-FR\",\"@id\":\"https:\\\/\\\/nopub.ch\\\/#primaryimage\",\"url\":\"https:\\\/\\\/nopub.ch\\\/wp-content\\\/uploads\\\/2019\\\/12\\\/nopub-2019-sticker-free.jpg\",\"contentUrl\":\"https:\\\/\\\/nopub.ch\\\/wp-content\\\/uploads\\\/2019\\\/12\\\/nopub-2019-sticker-free.jpg\",\"width\":500,\"height\":224},{\"@type\":\"BreadcrumbList\",\"@id\":\"https:\\\/\\\/nopub.ch\\\/#breadcrumb\",\"itemListElement\":[{\"@type\":\"ListItem\",\"position\":1,\"name\":\"Home\",\"item\":\"https:\\\/\\\/nopub.ch\\\/\"},{\"@type\":\"ListItem\",\"position\":2,\"name\":\"Dites STOP aux publicit\u00e9s dans votre bo\u00eete&#8230;\"}]},{\"@type\":\"WebSite\",\"@id\":\"https:\\\/\\\/nopub.ch\\\/#website\",\"url\":\"https:\\\/\\\/nopub.ch\\\/\",\"name\":\"Stop Publicit\u00e9\",\"description\":\"Un acte simple, pour un r\u00e9sulat visible\",\"potentialAction\":[{\"@type\":\"SearchAction\",\"target\":{\"@type\":\"EntryPoint\",\"urlTemplate\":\"https:\\\/\\\/nopub.ch\\\/?s={search_term_string}\"},\"query-input\":{\"@type\":\"PropertyValueSpecification\",\"valueRequired\":true,\"valueName\":\"search_term_string\"}}],\"inLanguage\":\"fr-FR\"}]}<\/script>\n<!-- \/ Yoast SEO plugin. -->","yoast_head_json":{"title":"Dites STOP aux publicit\u00e9s dans votre bo\u00eete... - Stop Publicit\u00e9","robots":{"index":"index","follow":"follow","max-snippet":"max-snippet:-1","max-image-preview":"max-image-preview:large","max-video-preview":"max-video-preview:-1"},"canonical":"https:\/\/nopub.ch\/","og_locale":"fr_FR","og_type":"article","og_title":"Dites STOP aux publicit\u00e9s dans votre bo\u00eete... - Stop Publicit\u00e9","og_description":"410 millions de tonne de papier consomm\u00e9es chaque ann\u00e9e ?? Ca suffit ! Agissez \u00e0 votre niveau, avec un geste simple&#8230; Commandez gratuitement et apposez l&rsquo;autocollant STOP PUBLICITE sur votre bo\u00eete \u00e0 lettres Gratuit* \u00c9missions CO2 compens\u00e9es. R\u00e9siste aussi en ext\u00e9rieur. Disponible en fran\u00e7ais, allemand et italien * Obtenez le gratuitement Lors de votre commandes [&hellip;]","og_url":"https:\/\/nopub.ch\/","og_site_name":"Stop Publicit\u00e9","article_modified_time":"2022-11-11T22:22:00+00:00","og_image":[{"url":"https:\/\/nopub.ch\/wp-content\/uploads\/2019\/12\/nopub-2019-sticker-free.jpg","type":"","width":"","height":""}],"twitter_card":"summary_large_image","twitter_misc":{"Dur\u00e9e de lecture estim\u00e9e":"1 minute"},"schema":{"@context":"https:\/\/schema.org","@graph":[{"@type":"WebPage","@id":"https:\/\/nopub.ch\/","url":"https:\/\/nopub.ch\/","name":"Dites STOP aux publicit\u00e9s dans votre bo\u00eete... - Stop Publicit\u00e9","isPartOf":{"@id":"https:\/\/nopub.ch\/#website"},"primaryImageOfPage":{"@id":"https:\/\/nopub.ch\/#primaryimage"},"image":{"@id":"https:\/\/nopub.ch\/#primaryimage"},"thumbnailUrl":"https:\/\/nopub.ch\/wp-content\/uploads\/2019\/12\/nopub-2019-sticker-free.jpg","datePublished":"2019-12-05T11:41:35+00:00","dateModified":"2022-11-11T22:22:00+00:00","breadcrumb":{"@id":"https:\/\/nopub.ch\/#breadcrumb"},"inLanguage":"fr-FR","potentialAction":[{"@type":"ReadAction","target":["https:\/\/nopub.ch\/"]}]},{"@type":"ImageObject","inLanguage":"fr-FR","@id":"https:\/\/nopub.ch\/#primaryimage","url":"https:\/\/nopub.ch\/wp-content\/uploads\/2019\/12\/nopub-2019-sticker-free.jpg","contentUrl":"https:\/\/nopub.ch\/wp-content\/uploads\/2019\/12\/nopub-2019-sticker-free.jpg","width":500,"height":224},{"@type":"BreadcrumbList","@id":"https:\/\/nopub.ch\/#breadcrumb","itemListElement":[{"@type":"ListItem","position":1,"name":"Home","item":"https:\/\/nopub.ch\/"},{"@type":"ListItem","position":2,"name":"Dites STOP aux publicit\u00e9s dans votre bo\u00eete&#8230;"}]},{"@type":"WebSite","@id":"https:\/\/nopub.ch\/#website","url":"https:\/\/nopub.ch\/","name":"Stop Publicit\u00e9","description":"Un acte simple, pour un r\u00e9sulat visible","potentialAction":[{"@type":"SearchAction","target":{"@type":"EntryPoint","urlTemplate":"https:\/\/nopub.ch\/?s={search_term_string}"},"query-input":{"@type":"PropertyValueSpecification","valueRequired":true,"valueName":"search_term_string"}}],"inLanguage":"fr-FR"}]}},"_links":{"self":[{"href":"https:\/\/nopub.ch\/index.php\/wp-json\/wp\/v2\/pages\/7","targetHints":{"allow":["GET"]}}],"collection":[{"href":"https:\/\/nopub.ch\/index.php\/wp-json\/wp\/v2\/pages"}],"about":[{"href":"https:\/\/nopub.ch\/index.php\/wp-json\/wp\/v2\/types\/page"}],"author":[{"embeddable":true,"href":"https:\/\/nopub.ch\/index.php\/wp-json\/wp\/v2\/users\/1"}],"replies":[{"embeddable":true,"href":"https:\/\/nopub.ch\/index.php\/wp-json\/wp\/v2\/comments?post=7"}],"version-history":[{"count":55,"href":"https:\/\/nopub.ch\/index.php\/wp-json\/wp\/v2\/pages\/7\/revisions"}],"predecessor-version":[{"id":83,"href":"https:\/\/nopub.ch\/index.php\/wp-json\/wp\/v2\/pages\/7\/revisions\/83"}],"wp:attachment":[{"href":"https:\/\/nopub.ch\/index.php\/wp-json\/wp\/v2\/media?parent=7"}],"curies":[{"name":"wp","href":"https:\/\/api.w.org\/{rel}","templated":true}]}}